{"id":16441,"date":"2023-08-02T11:12:16","date_gmt":"2023-08-02T09:12:16","guid":{"rendered":"https:\/\/www.swanitaly.com\/prodotto\/berry\/"},"modified":"2023-08-02T15:22:50","modified_gmt":"2023-08-02T13:22:50","slug":"berry","status":"publish","type":"product","link":"https:\/\/www.swanitaly.com\/en\/product\/berry\/","title":{"rendered":"BERRY"},"content":{"rendered":"<p>A luxury vision of home interior design using a compositional language that takes importance through soft shapes that design the space with elegant effect and striking impact.<\/p>\n","protected":false},"excerpt":{"rendered":"<p>A luxury vision of home interior design using a compositional language that takes importance through soft shapes that design the space with elegant effect and striking impact.<\/p>\n<p><a class=\"btnCustom\" href=\"https:\/\/www.swanitaly.com\/wp-content\/uploads\/2023\/07\/Berry-scheda.pdf\" target=\"_blank\" rel=\"noopener\">Data sheet<\/a> <a class=\"btnCustom inverted\" href=\"#\" target=\"_blank\" rel=\"noopener\">3D Model<\/a><\/p>\n<p>&nbsp;<\/p>\n<p>&nbsp;<\/p>\n<p>&nbsp;<\/p>\n<p>&nbsp;<\/p>\n<p>&nbsp;<\/p>\n","protected":false},"featured_media":16377,"template":"","meta":[],"product_cat":[125],"product_tag":[],"class_list":["post-16441","product","type-product","status-publish","has-post-thumbnail","hentry","product_cat-sofas"],"yoast_head":"<!-- This site is optimized with the Yoast SEO plugin v24.5 - https:\/\/yoast.com\/wordpress\/plugins\/seo\/ -->\n<title>BERRY - Swan Italia<\/title>\n<meta name=\"description\" content=\"La cura nella selezione dei materiali, la precisione delle finiture e le lavorazioni top di gamma danno vita ad una collezione di divani e poltrone dallo stile contemporaneo. Il componibile Berry con le sue linee semplici ma eleganti abbinato alle poltrone della stessa linea \u00e8 ideale per aggiungere un tocco di modernit\u00e0 al tuo salotto. Inoltre, grazie alla sua componibilit\u00e0 \u00e8 possibile creare delle composizioni con angoli e chaise longue.\" \/>\n<meta name=\"robots\" content=\"index, follow, max-snippet:-1, max-image-preview:large, max-video-preview:-1\" \/>\n<link rel=\"canonical\" href=\"https:\/\/www.swanitaly.com\/en\/product\/berry\/\" \/>\n<meta property=\"og:locale\" content=\"en_US\" \/>\n<meta property=\"og:type\" content=\"article\" \/>\n<meta property=\"og:title\" content=\"BERRY - Swan Italia\" \/>\n<meta property=\"og:description\" content=\"La cura nella selezione dei materiali, la precisione delle finiture e le lavorazioni top di gamma danno vita ad una collezione di divani e poltrone dallo stile contemporaneo. Il componibile Berry con le sue linee semplici ma eleganti abbinato alle poltrone della stessa linea \u00e8 ideale per aggiungere un tocco di modernit\u00e0 al tuo salotto. Inoltre, grazie alla sua componibilit\u00e0 \u00e8 possibile creare delle composizioni con angoli e chaise longue.\" \/>\n<meta property=\"og:url\" content=\"https:\/\/www.swanitaly.com\/en\/product\/berry\/\" \/>\n<meta property=\"og:site_name\" content=\"Swan Italia\" \/>\n<meta property=\"article:modified_time\" content=\"2023-08-02T13:22:50+00:00\" \/>\n<meta property=\"og:image\" content=\"https:\/\/www.swanitaly.com\/wp-content\/uploads\/2023\/06\/SOFASM_1.jpg\" \/>\n\t<meta property=\"og:image:width\" content=\"1000\" \/>\n\t<meta property=\"og:image:height\" content=\"667\" \/>\n\t<meta property=\"og:image:type\" content=\"image\/jpeg\" \/>\n<meta name=\"twitter:card\" content=\"summary_large_image\" \/>\n<script type=\"application\/ld+json\" class=\"yoast-schema-graph\">{\"@context\":\"https:\/\/schema.org\",\"@graph\":[{\"@type\":\"WebPage\",\"@id\":\"https:\/\/www.swanitaly.com\/en\/product\/berry\/\",\"url\":\"https:\/\/www.swanitaly.com\/en\/product\/berry\/\",\"name\":\"BERRY - Swan Italia\",\"isPartOf\":{\"@id\":\"https:\/\/www.swanitaly.com\/#website\"},\"primaryImageOfPage\":{\"@id\":\"https:\/\/www.swanitaly.com\/en\/product\/berry\/#primaryimage\"},\"image\":{\"@id\":\"https:\/\/www.swanitaly.com\/en\/product\/berry\/#primaryimage\"},\"thumbnailUrl\":\"https:\/\/www.swanitaly.com\/wp-content\/uploads\/2023\/06\/SOFASM_1.jpg\",\"datePublished\":\"2023-08-02T09:12:16+00:00\",\"dateModified\":\"2023-08-02T13:22:50+00:00\",\"description\":\"La cura nella selezione dei materiali, la precisione delle finiture e le lavorazioni top di gamma danno vita ad una collezione di divani e poltrone dallo stile contemporaneo. Il componibile Berry con le sue linee semplici ma eleganti abbinato alle poltrone della stessa linea \u00e8 ideale per aggiungere un tocco di modernit\u00e0 al tuo salotto. Inoltre, grazie alla sua componibilit\u00e0 \u00e8 possibile creare delle composizioni con angoli e chaise longue.\",\"breadcrumb\":{\"@id\":\"https:\/\/www.swanitaly.com\/en\/product\/berry\/#breadcrumb\"},\"inLanguage\":\"en-US\",\"potentialAction\":[{\"@type\":\"ReadAction\",\"target\":[\"https:\/\/www.swanitaly.com\/en\/product\/berry\/\"]}]},{\"@type\":\"ImageObject\",\"inLanguage\":\"en-US\",\"@id\":\"https:\/\/www.swanitaly.com\/en\/product\/berry\/#primaryimage\",\"url\":\"https:\/\/www.swanitaly.com\/wp-content\/uploads\/2023\/06\/SOFASM_1.jpg\",\"contentUrl\":\"https:\/\/www.swanitaly.com\/wp-content\/uploads\/2023\/06\/SOFASM_1.jpg\",\"width\":1000,\"height\":667},{\"@type\":\"BreadcrumbList\",\"@id\":\"https:\/\/www.swanitaly.com\/en\/product\/berry\/#breadcrumb\",\"itemListElement\":[{\"@type\":\"ListItem\",\"position\":1,\"name\":\"Home\",\"item\":\"https:\/\/www.swanitaly.com\/en\/\"},{\"@type\":\"ListItem\",\"position\":2,\"name\":\"Shop\",\"item\":\"https:\/\/www.swanitaly.com\/en\/shop-3\/\"},{\"@type\":\"ListItem\",\"position\":3,\"name\":\"BERRY\"}]},{\"@type\":\"WebSite\",\"@id\":\"https:\/\/www.swanitaly.com\/#website\",\"url\":\"https:\/\/www.swanitaly.com\/\",\"name\":\"Swan Italia\",\"description\":\"Progettazione e produzione di arredi imbottiti\",\"potentialAction\":[{\"@type\":\"SearchAction\",\"target\":{\"@type\":\"EntryPoint\",\"urlTemplate\":\"https:\/\/www.swanitaly.com\/?s={search_term_string}\"},\"query-input\":{\"@type\":\"PropertyValueSpecification\",\"valueRequired\":true,\"valueName\":\"search_term_string\"}}],\"inLanguage\":\"en-US\"}]}<\/script>\n<!-- \/ Yoast SEO plugin. -->","yoast_head_json":{"title":"BERRY - Swan Italia","description":"La cura nella selezione dei materiali, la precisione delle finiture e le lavorazioni top di gamma danno vita ad una collezione di divani e poltrone dallo stile contemporaneo. Il componibile Berry con le sue linee semplici ma eleganti abbinato alle poltrone della stessa linea \u00e8 ideale per aggiungere un tocco di modernit\u00e0 al tuo salotto. Inoltre, grazie alla sua componibilit\u00e0 \u00e8 possibile creare delle composizioni con angoli e chaise longue.","robots":{"index":"index","follow":"follow","max-snippet":"max-snippet:-1","max-image-preview":"max-image-preview:large","max-video-preview":"max-video-preview:-1"},"canonical":"https:\/\/www.swanitaly.com\/en\/product\/berry\/","og_locale":"en_US","og_type":"article","og_title":"BERRY - Swan Italia","og_description":"La cura nella selezione dei materiali, la precisione delle finiture e le lavorazioni top di gamma danno vita ad una collezione di divani e poltrone dallo stile contemporaneo. Il componibile Berry con le sue linee semplici ma eleganti abbinato alle poltrone della stessa linea \u00e8 ideale per aggiungere un tocco di modernit\u00e0 al tuo salotto. Inoltre, grazie alla sua componibilit\u00e0 \u00e8 possibile creare delle composizioni con angoli e chaise longue.","og_url":"https:\/\/www.swanitaly.com\/en\/product\/berry\/","og_site_name":"Swan Italia","article_modified_time":"2023-08-02T13:22:50+00:00","og_image":[{"width":1000,"height":667,"url":"https:\/\/www.swanitaly.com\/wp-content\/uploads\/2023\/06\/SOFASM_1.jpg","type":"image\/jpeg"}],"twitter_card":"summary_large_image","schema":{"@context":"https:\/\/schema.org","@graph":[{"@type":"WebPage","@id":"https:\/\/www.swanitaly.com\/en\/product\/berry\/","url":"https:\/\/www.swanitaly.com\/en\/product\/berry\/","name":"BERRY - Swan Italia","isPartOf":{"@id":"https:\/\/www.swanitaly.com\/#website"},"primaryImageOfPage":{"@id":"https:\/\/www.swanitaly.com\/en\/product\/berry\/#primaryimage"},"image":{"@id":"https:\/\/www.swanitaly.com\/en\/product\/berry\/#primaryimage"},"thumbnailUrl":"https:\/\/www.swanitaly.com\/wp-content\/uploads\/2023\/06\/SOFASM_1.jpg","datePublished":"2023-08-02T09:12:16+00:00","dateModified":"2023-08-02T13:22:50+00:00","description":"La cura nella selezione dei materiali, la precisione delle finiture e le lavorazioni top di gamma danno vita ad una collezione di divani e poltrone dallo stile contemporaneo. Il componibile Berry con le sue linee semplici ma eleganti abbinato alle poltrone della stessa linea \u00e8 ideale per aggiungere un tocco di modernit\u00e0 al tuo salotto. Inoltre, grazie alla sua componibilit\u00e0 \u00e8 possibile creare delle composizioni con angoli e chaise longue.","breadcrumb":{"@id":"https:\/\/www.swanitaly.com\/en\/product\/berry\/#breadcrumb"},"inLanguage":"en-US","potentialAction":[{"@type":"ReadAction","target":["https:\/\/www.swanitaly.com\/en\/product\/berry\/"]}]},{"@type":"ImageObject","inLanguage":"en-US","@id":"https:\/\/www.swanitaly.com\/en\/product\/berry\/#primaryimage","url":"https:\/\/www.swanitaly.com\/wp-content\/uploads\/2023\/06\/SOFASM_1.jpg","contentUrl":"https:\/\/www.swanitaly.com\/wp-content\/uploads\/2023\/06\/SOFASM_1.jpg","width":1000,"height":667},{"@type":"BreadcrumbList","@id":"https:\/\/www.swanitaly.com\/en\/product\/berry\/#breadcrumb","itemListElement":[{"@type":"ListItem","position":1,"name":"Home","item":"https:\/\/www.swanitaly.com\/en\/"},{"@type":"ListItem","position":2,"name":"Shop","item":"https:\/\/www.swanitaly.com\/en\/shop-3\/"},{"@type":"ListItem","position":3,"name":"BERRY"}]},{"@type":"WebSite","@id":"https:\/\/www.swanitaly.com\/#website","url":"https:\/\/www.swanitaly.com\/","name":"Swan Italia","description":"Progettazione e produzione di arredi imbottiti","potentialAction":[{"@type":"SearchAction","target":{"@type":"EntryPoint","urlTemplate":"https:\/\/www.swanitaly.com\/?s={search_term_string}"},"query-input":{"@type":"PropertyValueSpecification","valueRequired":true,"valueName":"search_term_string"}}],"inLanguage":"en-US"}]}},"_links":{"self":[{"href":"https:\/\/www.swanitaly.com\/en\/wp-json\/wp\/v2\/product\/16441","targetHints":{"allow":["GET"]}}],"collection":[{"href":"https:\/\/www.swanitaly.com\/en\/wp-json\/wp\/v2\/product"}],"about":[{"href":"https:\/\/www.swanitaly.com\/en\/wp-json\/wp\/v2\/types\/product"}],"wp:featuredmedia":[{"embeddable":true,"href":"https:\/\/www.swanitaly.com\/en\/wp-json\/wp\/v2\/media\/16377"}],"wp:attachment":[{"href":"https:\/\/www.swanitaly.com\/en\/wp-json\/wp\/v2\/media?parent=16441"}],"wp:term":[{"taxonomy":"product_cat","embeddable":true,"href":"https:\/\/www.swanitaly.com\/en\/wp-json\/wp\/v2\/product_cat?post=16441"},{"taxonomy":"product_tag","embeddable":true,"href":"https:\/\/www.swanitaly.com\/en\/wp-json\/wp\/v2\/product_tag?post=16441"}],"curies":[{"name":"wp","href":"https:\/\/api.w.org\/{rel}","templated":true}]}}